{"id":431,"date":"2022-05-13T11:41:17","date_gmt":"2022-05-13T09:41:17","guid":{"rendered":"https:\/\/erlebnisbad-lauscha.de\/?page_id=431"},"modified":"2023-10-31T13:44:56","modified_gmt":"2023-10-31T12:44:56","slug":"badeaufsicht","status":"publish","type":"page","link":"https:\/\/erlebnisbad-lauscha.de\/index.php\/badeaufsicht\/","title":{"rendered":"Badeaufsicht"},"content":{"rendered":"\t\t<div data-elementor-type=\"wp-page\" data-elementor-id=\"431\" class=\"elementor elementor-431\">\n\t\t\t\t\t\t<section class=\"elementor-section elementor-top-section elementor-element elementor-element-812395b elementor-section-full_width animated-slow elementor-section-height-default elementor-section-height-default elementor-invisible\" data-id=\"812395b\" data-element_type=\"section\" data-e-type=\"section\" data-settings=\"{&quot;shape_divider_top&quot;:&quot;wave-brush&quot;,&quot;animation&quot;:&quot;bounceInLeft&quot;}\">\n\t\t\t\t\t<div class=\"elementor-shape elementor-shape-top\" aria-hidden=\"true\" data-negative=\"false\">\n\t\t\t<svg xmlns=\"http:\/\/www.w3.org\/2000\/svg\" viewBox=\"0 0 283.5 27.8\" preserveAspectRatio=\"none\">\n\t<path class=\"elementor-shape-fill\" d=\"M283.5,9.7c0,0-7.3,4.3-14,4.6c-6.8,0.3-12.6,0-20.9-1.5c-11.3-2-33.1-10.1-44.7-5.7\ts-12.1,4.6-18,7.4c-6.6,3.2-20,9.6-36.6,9.3C131.6,23.5,99.5,7.2,86.3,8c-1.4,0.1-6.6,0.8-10.5,2c-3.8,1.2-9.4,3.8-17,4.7\tc-3.2,0.4-8.3,1.1-14.2,0.9c-1.5-0.1-6.3-0.4-12-1.6c-5.7-1.2-11-3.1-15.8-3.7C6.5,9.2,0,10.8,0,10.8V0h283.5V9.7z M260.8,11.3\tc-0.7-1-2-0.4-4.3-0.4c-2.3,0-6.1-1.2-5.8-1.1c0.3,0.1,3.1,1.5,6,1.9C259.7,12.2,261.4,12.3,260.8,11.3z M242.4,8.6\tc0,0-2.4-0.2-5.6-0.9c-3.2-0.8-10.3-2.8-15.1-3.5c-8.2-1.1-15.8,0-15.1,0.1c0.8,0.1,9.6-0.6,17.6,1.1c3.3,0.7,9.3,2.2,12.4,2.7\tC239.9,8.7,242.4,8.6,242.4,8.6z M185.2,8.5c1.7-0.7-13.3,4.7-18.5,6.1c-2.1,0.6-6.2,1.6-10,2c-3.9,0.4-8.9,0.4-8.8,0.5\tc0,0.2,5.8,0.8,11.2,0c5.4-0.8,5.2-1.1,7.6-1.6C170.5,14.7,183.5,9.2,185.2,8.5z M199.1,6.9c0.2,0-0.8-0.4-4.8,1.1\tc-4,1.5-6.7,3.5-6.9,3.7c-0.2,0.1,3.5-1.8,6.6-3C197,7.5,199,6.9,199.1,6.9z M283,6c-0.1,0.1-1.9,1.1-4.8,2.5s-6.9,2.8-6.7,2.7\tc0.2,0,3.5-0.6,7.4-2.5C282.8,6.8,283.1,5.9,283,6z M31.3,11.6c0.1-0.2-1.9-0.2-4.5-1.2s-5.4-1.6-7.8-2C15,7.6,7.3,8.5,7.7,8.6\tC8,8.7,15.9,8.3,20.2,9.3c2.2,0.5,2.4,0.5,5.7,1.6S31.2,11.9,31.3,11.6z M73,9.2c0.4-0.1,3.5-1.6,8.4-2.6c4.9-1.1,8.9-0.5,8.9-0.8\tc0-0.3-1-0.9-6.2-0.3S72.6,9.3,73,9.2z M71.6,6.7C71.8,6.8,75,5.4,77.3,5c2.3-0.3,1.9-0.5,1.9-0.6c0-0.1-1.1-0.2-2.7,0.2\tC74.8,5.1,71.4,6.6,71.6,6.7z M93.6,4.4c0.1,0.2,3.5,0.8,5.6,1.8c2.1,1,1.8,0.6,1.9,0.5c0.1-0.1-0.8-0.8-2.4-1.3\tC97.1,4.8,93.5,4.2,93.6,4.4z M65.4,11.1c-0.1,0.3,0.3,0.5,1.9-0.2s2.6-1.3,2.2-1.2s-0.9,0.4-2.5,0.8C65.3,10.9,65.5,10.8,65.4,11.1\tz M34.5,12.4c-0.2,0,2.1,0.8,3.3,0.9c1.2,0.1,2,0.1,2-0.2c0-0.3-0.1-0.5-1.6-0.4C36.6,12.8,34.7,12.4,34.5,12.4z M152.2,21.1\tc-0.1,0.1-2.4-0.3-7.5-0.3c-5,0-13.6-2.4-17.2-3.5c-3.6-1.1,10,3.9,16.5,4.1C150.5,21.6,152.3,21,152.2,21.1z\"\/>\n\t<path class=\"elementor-shape-fill\" d=\"M269.6,18c-0.1-0.1-4.6,0.3-7.2,0c-7.3-0.7-17-3.2-16.6-2.9c0.4,0.3,13.7,3.1,17,3.3\tC267.7,18.8,269.7,18,269.6,18z\"\/>\n\t<path class=\"elementor-shape-fill\" d=\"M227.4,9.8c-0.2-0.1-4.5-1-9.5-1.2c-5-0.2-12.7,0.6-12.3,0.5c0.3-0.1,5.9-1.8,13.3-1.2\tS227.6,9.9,227.4,9.8z\"\/>\n\t<path class=\"elementor-shape-fill\" d=\"M204.5,13.4c-0.1-0.1,2-1,3.2-1.1c1.2-0.1,2,0,2,0.3c0,0.3-0.1,0.5-1.6,0.4\tC206.4,12.9,204.6,13.5,204.5,13.4z\"\/>\n\t<path class=\"elementor-shape-fill\" d=\"M201,10.6c0-0.1-4.4,1.2-6.3,2.2c-1.9,0.9-6.2,3.1-6.1,3.1c0.1,0.1,4.2-1.6,6.3-2.6\tS201,10.7,201,10.6z\"\/>\n\t<path class=\"elementor-shape-fill\" d=\"M154.5,26.7c-0.1-0.1-4.6,0.3-7.2,0c-7.3-0.7-17-3.2-16.6-2.9c0.4,0.3,13.7,3.1,17,3.3\tC152.6,27.5,154.6,26.8,154.5,26.7z\"\/>\n\t<path class=\"elementor-shape-fill\" d=\"M41.9,19.3c0,0,1.2-0.3,2.9-0.1c1.7,0.2,5.8,0.9,8.2,0.7c4.2-0.4,7.4-2.7,7-2.6\tc-0.4,0-4.3,2.2-8.6,1.9c-1.8-0.1-5.1-0.5-6.7-0.4S41.9,19.3,41.9,19.3z\"\/>\n\t<path class=\"elementor-shape-fill\" d=\"M75.5,12.6c0.2,0.1,2-0.8,4.3-1.1c2.3-0.2,2.1-0.3,2.1-0.5c0-0.1-1.8-0.4-3.4,0\tC76.9,11.5,75.3,12.5,75.5,12.6z\"\/>\n\t<path class=\"elementor-shape-fill\" d=\"M15.6,13.2c0-0.1,4.3,0,6.7,0.5c2.4,0.5,5,1.9,5,2c0,0.1-2.7-0.8-5.1-1.4\tC19.9,13.7,15.7,13.3,15.6,13.2z\"\/>\n<\/svg>\t\t<\/div>\n\t\t\t\t\t<div class=\"elementor-container elementor-column-gap-default\">\n\t\t\t\t\t<div class=\"elementor-column elementor-col-100 elementor-top-column elementor-element elementor-element-acec9d2\" data-id=\"acec9d2\" data-element_type=\"column\" data-e-type=\"column\">\n\t\t\t<div class=\"elementor-widget-wrap elementor-element-populated\">\n\t\t\t\t\t\t<div class=\"elementor-element elementor-element-1b26d86 elementor-widget elementor-widget-heading\" data-id=\"1b26d86\" data-element_type=\"widget\" data-e-type=\"widget\" data-widget_type=\"heading.default\">\n\t\t\t\t<div class=\"elementor-widget-container\">\n\t\t\t\t\t<h2 class=\"elementor-heading-title elementor-size-default\">Werde Teil unseres Teams, werde Rettungsschwimmer im Erlebnisbad Lauscha<\/h2>\t\t\t\t<\/div>\n\t\t\t\t<\/div>\n\t\t\t\t<section class=\"elementor-section elementor-inner-section elementor-element elementor-element-200426f elementor-section-full_width elementor-section-height-default elementor-section-height-default\" data-id=\"200426f\" data-element_type=\"section\" data-e-type=\"section\">\n\t\t\t\t\t\t<div class=\"elementor-container elementor-column-gap-default\">\n\t\t\t\t\t<div class=\"elementor-column elementor-col-50 elementor-inner-column elementor-element elementor-element-05ea288\" data-id=\"05ea288\" data-element_type=\"column\" data-e-type=\"column\">\n\t\t\t<div class=\"elementor-widget-wrap elementor-element-populated\">\n\t\t\t\t\t\t<div class=\"elementor-element elementor-element-ca683e0 elementor-widget elementor-widget-text-editor\" data-id=\"ca683e0\" data-element_type=\"widget\" data-e-type=\"widget\" data-widget_type=\"text-editor.default\">\n\t\t\t\t<div class=\"elementor-widget-container\">\n\t\t\t\t\t\t\t\t\t<h3><span style=\"color: #0000ff;\"><strong>Wie w\u00e4rs mit einem Ferienjob im Erlebnisbad Lauscha als Rettungsschwimmer in der Saison 2024?<\/strong><\/span><\/h3><h4><strong>Wir bieten dir die Chance kostenlos das Deutsche Rettungsschwimmabzeichen in Bronze oder in Silber abzulegen.<\/strong><\/h4><h3><span style=\"color: #ff0000;\"><strong>Du willst am Kurs teilnehmen?<\/strong><\/span><\/h3><h4><strong>Hier sind die Voraussetzungen f\u00fcr die Rettungsschwimmabzeichen<\/strong><\/h4><ul><li><h4><strong>ab 12 Jahre kannst du das Rettungsschwimmabzeichen in Bronze ablegen<\/strong><\/h4><\/li><li><h4><strong>ab 14 Jahre kannst du das Rettungsschwimmabzeichen Silber ablegen<\/strong><\/h4><h4>\u00a0<\/h4><\/li><\/ul><h4><strong>Unser Schwimmbadf\u00f6rderverein Lauscha \u00fcbernimmt die Kosten f\u00fcr deine Ausbildung in der Schwimmhalle Neuhaus a.Rwg durch die Wasserwacht oder die DLRG.<\/strong><\/h4><h4><strong>Der Kurs bzw. das Training findet einmal w\u00f6chentlich statt.<\/strong><\/h4><h3><span style=\"color: #ff0000;\"><strong>Neugierig? Dann melde dich gleich an!<\/strong><\/span><\/h3><h3><strong>Email: <a href=\"mailto:info@erlebnisbad-lauscha.de\">info@erlebnisbad-lauscha.de<\/a> , per Telefon: <a href=\"tel:036702352026\">036702 352026<\/a> oder <a href=\"https:\/\/api.whatsapp.com\/send?phone=https:\/\/api.whatsapp.com\/send?phone=4915161475989&amp;text=Rettunsschwimmer werden im Erlebnisbad Lauscha\" data-wplink-url-error=\"true\">WhatsApp<\/a>.<\/strong><\/h3>\t\t\t\t\t\t\t\t<\/div>\n\t\t\t\t<\/div>\n\t\t\t\t\t<\/div>\n\t\t<\/div>\n\t\t\t\t<div class=\"elementor-column elementor-col-50 elementor-inner-column elementor-element elementor-element-bcb90bd\" data-id=\"bcb90bd\" data-element_type=\"column\" data-e-type=\"column\">\n\t\t\t<div class=\"elementor-widget-wrap elementor-element-populated\">\n\t\t\t\t\t\t<div class=\"elementor-element elementor-element-e92ea91 elementor-widget elementor-widget-image\" data-id=\"e92ea91\" data-element_type=\"widget\" data-e-type=\"widget\" data-widget_type=\"image.default\">\n\t\t\t\t<div class=\"elementor-widget-container\">\n\t\t\t\t\t\t\t\t\t\t\t\t\t\t\t<img fetchpriority=\"high\" decoding=\"async\" width=\"365\" height=\"700\" src=\"https:\/\/erlebnisbad-lauscha.de\/wp-content\/uploads\/2022\/11\/Lifeguard-e1667381021272.png\" class=\"attachment-large size-large wp-image-1292\" alt=\"\" srcset=\"https:\/\/erlebnisbad-lauscha.de\/wp-content\/uploads\/2022\/11\/Lifeguard-e1667381021272.png 365w, https:\/\/erlebnisbad-lauscha.de\/wp-content\/uploads\/2022\/11\/Lifeguard-e1667381021272-156x300.png 156w\" sizes=\"(max-width: 365px) 100vw, 365px\" \/>\t\t\t\t\t\t\t\t\t\t\t\t\t\t\t<\/div>\n\t\t\t\t<\/div>\n\t\t\t\t\t<\/div>\n\t\t<\/div>\n\t\t\t\t\t<\/div>\n\t\t<\/section>\n\t\t\t\t<section class=\"elementor-section elementor-inner-section elementor-element elementor-element-6a4123e elementor-section-full_width elementor-section-height-default elementor-section-height-default\" data-id=\"6a4123e\" data-element_type=\"section\" data-e-type=\"section\">\n\t\t\t\t\t\t<div class=\"elementor-container elementor-column-gap-wide\">\n\t\t\t\t\t<div class=\"elementor-column elementor-col-50 elementor-inner-column elementor-element elementor-element-981d01b\" data-id=\"981d01b\" data-element_type=\"column\" data-e-type=\"column\">\n\t\t\t<div class=\"elementor-widget-wrap elementor-element-populated\">\n\t\t\t\t\t\t<div class=\"elementor-element elementor-element-90e2ad4 elementor-widget elementor-widget-text-editor\" data-id=\"90e2ad4\" data-element_type=\"widget\" data-e-type=\"widget\" data-widget_type=\"text-editor.default\">\n\t\t\t\t<div class=\"elementor-widget-container\">\n\t\t\t\t\t\t\t\t\t<h3 style=\"font-style: normal;\"><img decoding=\"async\" class=\"alignnone wp-image-1297 size-thumbnail aligncenter\" src=\"https:\/\/erlebnisbad-lauscha.de\/wp-content\/uploads\/2022\/11\/rs-bronze-150x150.webp\" alt=\"\" width=\"150\" height=\"150\" srcset=\"https:\/\/erlebnisbad-lauscha.de\/wp-content\/uploads\/2022\/11\/rs-bronze-150x150.webp 150w, https:\/\/erlebnisbad-lauscha.de\/wp-content\/uploads\/2022\/11\/rs-bronze-300x300.webp 300w, https:\/\/erlebnisbad-lauscha.de\/wp-content\/uploads\/2022\/11\/rs-bronze.webp 600w\" sizes=\"(max-width: 150px) 100vw, 150px\" \/><\/h3><h3 style=\"text-align: center;\">Pr\u00fcfungsumfang Deutsches Rettungsschwimmabzeichen Bronze<\/h3><h4 style=\"text-align: left;\"><strong>Inhalte<\/strong><\/h4><ul style=\"text-align: left;\"><li><h4>Rettungsschwimmen in Theorie und Praxis<\/h4><\/li><\/ul><h4 style=\"text-align: left;\"><strong>Voraussetzungen<\/strong><\/h4><ul style=\"text-align: left;\"><li><h4>Mindestalter 12 Jahre<\/h4><\/li><\/ul><h4 style=\"text-align: left;\"><strong>Theoretische Pr\u00fcfungsleistungen<\/strong><\/h4><ul style=\"text-align: left;\"><li><h4>Die theoretische Pr\u00fcfung erfolgt mittels bundeseinheitlicher Frageb\u00f6gen und umfasst den Nachweis folgender Kenntnisse: Atmung und Blutkreislauf; Gefahren am und im Wasser; Hilfe bei Bade-, Boots- und Eisunf\u00e4llen (Selbst- und Fremdrettung); Vermeidung von Umklammerungen; Hilfe bei Verletzungen und Ertrinkungsunf\u00e4llen, Hitze- und K\u00e4ltesch\u00e4den; Aufgaben und T\u00e4tigkeiten der DLRG<\/h4><\/li><\/ul><h4 style=\"text-align: left;\"><strong>Praktische Pr\u00fcfungsleistungen<\/strong><\/h4><ul><li style=\"text-align: left;\"><h4>200 m Schwimmen in h\u00f6chstens 10 Minuten, davon 100 m in Bauchlage und 100 m in R\u00fcckenlage mit Gr\u00e4tschschwung ohne Armt\u00e4tigkeit<\/h4><\/li><li style=\"text-align: left;\"><h4>100 m Schwimmen in Kleidung in h\u00f6chstens 4 Minuten, anschlie\u00dfend im Wasser entkleiden<\/h4><\/li><li style=\"text-align: left;\"><h4>Drei verschiedene Spr\u00fcnge aus etwa 1 m H\u00f6he (z.B. Paketsprung, Schrittsprung, Startsprung, Fu\u00dfsprung, Kopfsprung)<\/h4><\/li><li style=\"text-align: left;\"><h4>15 m Streckentauchen<\/h4><\/li><li style=\"text-align: left;\"><h4>50 m Transportschwimmen: Schieben oder Ziehen<\/h4><\/li><li style=\"text-align: left;\"><h4>zweimal Tieftauchen von der Wasseroberfl\u00e4che, einmal kopfw\u00e4rts und einmal fu\u00dfw\u00e4rts, innerhalb von 3 Minuten mit zweimaligem Heraufholen eines 5-kg-Tauchrings oder eines gleichartigen Gegenstandes (Wassertiefe zwischen 2 und 3 m)<\/h4><\/li><li style=\"text-align: left;\"><h4>Fertigkeiten zur Vermeidung von Umklammerungen sowie zur Befreiung aus Halsumklammerung von hinten und Halsw\u00fcrgegriff von hinten<\/h4><\/li><li style=\"text-align: left;\"><h4>50 m Schleppen, je eine H\u00e4lfte mit Kopf- oder Achselschleppgriff und dem Standard-Fesselschleppgriff<\/h4><\/li><li style=\"text-align: left;\"><h4>Kombinierte \u00dcbung, die ohne Pause in der angegebenen Reihenfolge zu erf\u00fcllen ist: 20 m Anschwimmen in Bauchlage, hierbei etwa auf halber Strecke Abtauchen auf 2 bis 3 m Wassertiefe und Heraufholen eines 5 kg Tauchrings oder eines gleichartigen Gegenstandes, diesen anschlie\u00dfend fallen lassen und das Anschwimmen fortsetzen; 20 m Schleppen eines Partners<\/h4><\/li><li style=\"text-align: left;\"><h4>Demonstration des Anlandbringens<\/h4><\/li><li><h4 style=\"text-align: left;\">3 Minuten Durchf\u00fchrung der Herz-Lungen-Wiederbelebung (HLW)<\/h4><\/li><\/ul>\t\t\t\t\t\t\t\t<\/div>\n\t\t\t\t<\/div>\n\t\t\t\t\t<\/div>\n\t\t<\/div>\n\t\t\t\t<div class=\"elementor-column elementor-col-50 elementor-inner-column elementor-element elementor-element-328555b\" data-id=\"328555b\" data-element_type=\"column\" data-e-type=\"column\">\n\t\t\t<div class=\"elementor-widget-wrap elementor-element-populated\">\n\t\t\t\t\t\t<div class=\"elementor-element elementor-element-26b6c94 elementor-widget elementor-widget-text-editor\" data-id=\"26b6c94\" data-element_type=\"widget\" data-e-type=\"widget\" data-widget_type=\"text-editor.default\">\n\t\t\t\t<div class=\"elementor-widget-container\">\n\t\t\t\t\t\t\t\t\t<h3 style=\"font-style: normal;\"><img decoding=\"async\" class=\"alignnone size-thumbnail wp-image-1298 aligncenter\" src=\"https:\/\/erlebnisbad-lauscha.de\/wp-content\/uploads\/2022\/11\/rs-silber-150x150.webp\" alt=\"\" width=\"150\" height=\"150\" srcset=\"https:\/\/erlebnisbad-lauscha.de\/wp-content\/uploads\/2022\/11\/rs-silber-150x150.webp 150w, https:\/\/erlebnisbad-lauscha.de\/wp-content\/uploads\/2022\/11\/rs-silber-300x300.webp 300w, https:\/\/erlebnisbad-lauscha.de\/wp-content\/uploads\/2022\/11\/rs-silber-768x768.webp 768w, https:\/\/erlebnisbad-lauscha.de\/wp-content\/uploads\/2022\/11\/rs-silber.webp 800w\" sizes=\"(max-width: 150px) 100vw, 150px\" \/><\/h3><h3 style=\"text-align: center;\">Pr\u00fcfungsumfang Deutsches Rettungsschwimmabzeichen Silber<\/h3><h4 style=\"text-align: left;\"><strong>Inhalte<\/strong><\/h4><ul style=\"text-align: left;\"><li><h4>Rettungsschwimmen in Theorie und Praxis<\/h4><\/li><\/ul><h4 style=\"text-align: left;\"><strong>Voraussetzungen<\/strong><\/h4><ul style=\"text-align: left;\"><li><h4>Mindestalter 14 Jahre<\/h4><\/li><\/ul><h4 style=\"text-align: left;\"><strong>Theoretische Pr\u00fcfungsleistungen<\/strong><\/h4><ul style=\"text-align: left;\"><li><h4>Die theoretische Pr\u00fcfung erfolgt mittels bundeseinheitlicher Frageb\u00f6gen und umfasst den Nachweis von Atmung und Blutkreislauf; Gefahren am und im Wasser; Hilfe bei Bade-, Boots- und Eisunf\u00e4llen (Selbst- und Fremdrettung); Vermeidung von Umklammerungen; Rechte und Pflichten bei Hilfeleistungen; Rettungsger\u00e4te; Aufgaben und T\u00e4tigkeiten der DLRG<\/h4><\/li><li><h4>Erste Hilfe Kurs oder Erste Hilfe Fortbildung nach den gemeinsamen Grunds\u00e4tzen der BAGEH. Die Aus- oder Fortbildung darf nicht l\u00e4nger als zwei Jahre zur\u00fcckliegen.<\/h4><\/li><\/ul><h4 style=\"text-align: left;\"><strong>Praktische Pr\u00fcfungsleistungen<\/strong><\/h4><ul><li style=\"text-align: left;\"><h4>400 m Schwimmen in h\u00f6chstens 15 Minuten, davon 50 m Kraulschwimmen, 150 m Brustschwimmen und 200 m Schwimmen in R\u00fcckenlage mit Gr\u00e4tschschwung ohne Armt\u00e4tigkeit<\/h4><\/li><li style=\"text-align: left;\"><h4>300 m Schwimmen in Kleidung in h\u00f6chstens 12 Minuten, anschlie\u00dfend im Wasser entkleiden<\/h4><\/li><li style=\"text-align: left;\"><h4>Ein Sprung aus 3 m H\u00f6he<\/h4><\/li><li style=\"text-align: left;\"><h4>25 m Streckentauchen<\/h4><\/li><li style=\"text-align: left;\"><h4>dreimal Tieftauchen von der Wasseroberfl\u00e4che, zweimal kopfw\u00e4rts und einmal fu\u00dfw\u00e4rts innerhalb von 3 Minuten, mit dreimaligem Heraufholen eines 5 kg Tauchrings oder eines gleichartigen Gegenstandes (Wassertiefe zwischen 3 und 5 m)<\/h4><\/li><li style=\"text-align: left;\"><h4>50 m Transportschwimmen: Schieben oder Ziehen in h\u00f6chstens 1:30 Minuten<\/h4><\/li><li style=\"text-align: left;\"><h4>Fertigkeiten zur Vermeidung von Umklammerungen sowie zur Befreiung aus Halsumklammerung von hinten und Halsw\u00fcrgegriff von hinten<\/h4><\/li><li style=\"text-align: left;\"><h4>50 m Schleppen in h\u00f6chstens 4 Minuten, beide Partner in Kleidung, je eine H\u00e4lfte der Strecke mit Kopf- oder Achsel- und einem Fesselschleppgriff (Standard-Fesselschleppgriff oder Seemannsgriff)<\/h4><\/li><li style=\"text-align: left;\"><h4>Handhabung und praktischer Einsatz eines Rettungsger\u00e4tes (z.B. Gurtretter, Wurfleine oder Rettungsring)<\/h4><\/li><li><h4 style=\"text-align: left;\">Kombinierte \u00dcbung, die ohne Pause in der angegebenen Reihenfolge zu erf\u00fcllen ist: Sprung kopfw\u00e4rts ins Wasser; 20 m Anschwimmen in Bauchlage; Abtauchen auf 3 bis 5 m Tiefe, Heraufholen eines 5-kg-Tauchrings oder eines gleichartigen Gegenstandes, diesen anschlie\u00dfend fallen lassen; L\u00f6sen aus einer Umklammerung durch einen Befreiungsgriff; 25 m Schleppen; Sichern und Anlandbringen des Geretteten; 3 Minuten Durchf\u00fchrung der Herz-Lungen-Wiederbelebung (HLW)<\/h4><\/li><\/ul>\t\t\t\t\t\t\t\t<\/div>\n\t\t\t\t<\/div>\n\t\t\t\t\t<\/div>\n\t\t<\/div>\n\t\t\t\t\t<\/div>\n\t\t<\/section>\n\t\t\t\t\t<\/div>\n\t\t<\/div>\n\t\t\t\t\t<\/div>\n\t\t<\/section>\n\t\t\t\t<\/div>\n\t\t","protected":false},"excerpt":{"rendered":"<p>Werde Teil unseres Teams, werde Rettungsschwimmer im Erlebnisbad Lauscha Wie w\u00e4rs mit einem Ferienjob im Erlebnisbad Lauscha als Rettungsschwimmer in der Saison 2024? Wir bieten dir die Chance kostenlos das Deutsche Rettungsschwimmabzeichen in Bronze oder in Silber abzulegen. Du willst am Kurs teilnehmen? Hier sind die Voraussetzungen f\u00fcr die Rettungsschwimmabzeichen ab 12 Jahre kannst du [&hellip;]<\/p>\n","protected":false},"author":1,"featured_media":0,"parent":0,"menu_order":0,"comment_status":"closed","ping_status":"closed","template":"","meta":{"site-sidebar-layout":"no-sidebar","site-content-layout":"page-builder","ast-site-content-layout":"full-width-container","site-content-style":"unboxed","site-sidebar-style":"unboxed","ast-global-header-display":"","ast-banner-title-visibility":"","ast-main-header-display":"","ast-hfb-above-header-display":"","ast-hfb-below-header-display":"","ast-hfb-mobile-header-display":"","site-post-title":"disabled","ast-breadcrumbs-content":"","ast-featured-img":"disabled","footer-sml-layout":"","ast-disable-related-posts":"","theme-transparent-header-meta":"","adv-header-id-meta":"","stick-header-meta":"","header-above-stick-meta":"","header-main-stick-meta":"","header-below-stick-meta":"","astra-migrate-meta-layouts":"set","ast-page-background-enabled":"default","ast-page-background-meta":{"desktop":{"background-color":"var(--ast-global-color-4)","background-image":"","background-repeat":"repeat","background-position":"center center","background-size":"auto","background-attachment":"scroll","background-type":"","background-media":"","overlay-type":"","overlay-color":"","overlay-opacity":"","overlay-gradient":""},"tablet":{"background-color":"","background-image":"","background-repeat":"repeat","background-position":"center center","background-size":"auto","background-attachment":"scroll","background-type":"","background-media":"","overlay-type":"","overlay-color":"","overlay-opacity":"","overlay-gradient":""},"mobile":{"background-color":"","background-image":"","background-repeat":"repeat","background-position":"center center","background-size":"auto","background-attachment":"scroll","background-type":"","background-media":"","overlay-type":"","overlay-color":"","overlay-opacity":"","overlay-gradient":""}},"ast-content-background-meta":{"desktop":{"background-color":"var(--ast-global-color-5)","background-image":"","background-repeat":"repeat","background-position":"center center","background-size":"auto","background-attachment":"scroll","background-type":"","background-media":"","overlay-type":"","overlay-color":"","overlay-opacity":"","overlay-gradient":""},"tablet":{"background-color":"var(--ast-global-color-5)","background-image":"","background-repeat":"repeat","background-position":"center center","background-size":"auto","background-attachment":"scroll","background-type":"","background-media":"","overlay-type":"","overlay-color":"","overlay-opacity":"","overlay-gradient":""},"mobile":{"background-color":"var(--ast-global-color-5)","background-image":"","background-repeat":"repeat","background-position":"center center","background-size":"auto","background-attachment":"scroll","background-type":"","background-media":"","overlay-type":"","overlay-color":"","overlay-opacity":"","overlay-gradient":""}},"footnotes":""},"class_list":["post-431","page","type-page","status-publish","hentry"],"_links":{"self":[{"href":"https:\/\/erlebnisbad-lauscha.de\/index.php\/wp-json\/wp\/v2\/pages\/431","targetHints":{"allow":["GET"]}}],"collection":[{"href":"https:\/\/erlebnisbad-lauscha.de\/index.php\/wp-json\/wp\/v2\/pages"}],"about":[{"href":"https:\/\/erlebnisbad-lauscha.de\/index.php\/wp-json\/wp\/v2\/types\/page"}],"author":[{"embeddable":true,"href":"https:\/\/erlebnisbad-lauscha.de\/index.php\/wp-json\/wp\/v2\/users\/1"}],"replies":[{"embeddable":true,"href":"https:\/\/erlebnisbad-lauscha.de\/index.php\/wp-json\/wp\/v2\/comments?post=431"}],"version-history":[{"count":29,"href":"https:\/\/erlebnisbad-lauscha.de\/index.php\/wp-json\/wp\/v2\/pages\/431\/revisions"}],"predecessor-version":[{"id":1733,"href":"https:\/\/erlebnisbad-lauscha.de\/index.php\/wp-json\/wp\/v2\/pages\/431\/revisions\/1733"}],"wp:attachment":[{"href":"https:\/\/erlebnisbad-lauscha.de\/index.php\/wp-json\/wp\/v2\/media?parent=431"}],"curies":[{"name":"wp","href":"https:\/\/api.w.org\/{rel}","templated":true}]}}